{"id":17241,"date":"2023-06-14T14:54:17","date_gmt":"2023-06-14T12:54:17","guid":{"rendered":"https:\/\/www.acs-controlsystem.de\/staging-acs\/acs-iot-solutions\/"},"modified":"2023-10-16T13:14:40","modified_gmt":"2023-10-16T11:14:40","slug":"acs-iot-solutions","status":"publish","type":"page","link":"https:\/\/www.acs-controlsystem.de\/en\/acs-iot-solutions\/","title":{"rendered":"ACS IoT Solutions"},"content":{"rendered":"<div class=\"wpb-content-wrapper\"><p>[vc_row][vc_column][vc_column_text]<\/p>\n<h2>Level Measurement 4.0<\/h2>\n<p>[\/vc_column_text]\n    <div class=\"spacer small\"><\/div>\n\n\n    [vc_column_text]<\/p>\n<h2>Intelligent communication &amp; optimized processes<\/h2>\n<p>[\/vc_column_text]\n    <div class=\"spacer small\"><\/div>\n\n\n    [\/vc_column][\/vc_row][vc_row][vc_column width=&#8221;7\/12&#8243;][vc_column_text]Precaution in case of heavy rain, flooding and high water[\/vc_column_text][vc_column_text]The self-sufficient measurement and recording of data paired with redundant measurement sets new standards for the security and traceability of your measurement data. Thanks to the system developed entirely by ACS, from hardware to software, the highest level of data security is guaranteed.<\/p>\n<p>The system is designed to read all sensor types with the most common standard signals and pulse outputs. With the ACS SmartConnect app, any sensor can be securely and easily integrated into the system.<br \/>\nAlarm messages are sent immediately and completely autonomously to the portal via SMS, email or by means of push messages, thus decisively shortening the required response times.<\/p>\n<p>Thanks to the support of several major users, ACS has been able to develop a complete system that meets 100% of the requirements for security and ease of use. Thanks to the in-house development of all components, each system can be adapted to your specific requirements at any time.[\/vc_column_text][\/vc_column][vc_column width=&#8221;5\/12&#8243;]\n    <div class=\"spacer small\"><\/div>\n\n\n    \n    <div class=\"image-slider-wrapper\">\n        \n\n    <div class=\"slider-item\">\n        <div class=\"image-wrapper\">\n            <img loading=\"lazy\" decoding=\"async\" width=\"1500\" height=\"1000\" src=\"https:\/\/www.acs-controlsystem.de\/wp-content\/uploads\/flood-4758753.png\" class=\"attachment-slider-item size-slider-item\" alt=\"\" srcset=\"https:\/\/www.acs-controlsystem.de\/wp-content\/uploads\/flood-4758753.png 1500w, https:\/\/www.acs-controlsystem.de\/wp-content\/uploads\/flood-4758753-300x200.png 300w, https:\/\/www.acs-controlsystem.de\/wp-content\/uploads\/flood-4758753-1024x683.png 1024w, https:\/\/www.acs-controlsystem.de\/wp-content\/uploads\/flood-4758753-768x512.png 768w, https:\/\/www.acs-controlsystem.de\/wp-content\/uploads\/flood-4758753-600x400.png 600w\" sizes=\"auto, (max-width: 1500px) 100vw, 1500px\" \/>        <\/div>\n    <\/div>\n\n    \n\n    <div class=\"slider-item\">\n        <div class=\"image-wrapper\">\n            <img loading=\"lazy\" decoding=\"async\" width=\"1500\" height=\"1000\" src=\"https:\/\/www.acs-controlsystem.de\/wp-content\/uploads\/20.12.png\" class=\"attachment-slider-item size-slider-item\" alt=\"\" srcset=\"https:\/\/www.acs-controlsystem.de\/wp-content\/uploads\/20.12.png 1500w, https:\/\/www.acs-controlsystem.de\/wp-content\/uploads\/20.12-300x200.png 300w, https:\/\/www.acs-controlsystem.de\/wp-content\/uploads\/20.12-1024x683.png 1024w, https:\/\/www.acs-controlsystem.de\/wp-content\/uploads\/20.12-768x512.png 768w, https:\/\/www.acs-controlsystem.de\/wp-content\/uploads\/20.12-600x400.png 600w\" sizes=\"auto, (max-width: 1500px) 100vw, 1500px\" \/>        <\/div>\n    <\/div>\n\n    \n\n    <div class=\"slider-item\">\n        <div class=\"image-wrapper\">\n            <img loading=\"lazy\" decoding=\"async\" width=\"1500\" height=\"1000\" src=\"https:\/\/www.acs-controlsystem.de\/wp-content\/uploads\/flood-392707.png\" class=\"attachment-slider-item size-slider-item\" alt=\"\" srcset=\"https:\/\/www.acs-controlsystem.de\/wp-content\/uploads\/flood-392707.png 1500w, https:\/\/www.acs-controlsystem.de\/wp-content\/uploads\/flood-392707-300x200.png 300w, https:\/\/www.acs-controlsystem.de\/wp-content\/uploads\/flood-392707-1024x683.png 1024w, https:\/\/www.acs-controlsystem.de\/wp-content\/uploads\/flood-392707-768x512.png 768w, https:\/\/www.acs-controlsystem.de\/wp-content\/uploads\/flood-392707-600x400.png 600w\" sizes=\"auto, (max-width: 1500px) 100vw, 1500px\" \/>        <\/div>\n    <\/div>\n\n    \n\n    <div class=\"slider-item\">\n        <div class=\"image-wrapper\">\n            <img loading=\"lazy\" decoding=\"async\" width=\"1500\" height=\"1000\" src=\"https:\/\/www.acs-controlsystem.de\/wp-content\/uploads\/flood-123203.png\" class=\"attachment-slider-item size-slider-item\" alt=\"\" srcset=\"https:\/\/www.acs-controlsystem.de\/wp-content\/uploads\/flood-123203.png 1500w, https:\/\/www.acs-controlsystem.de\/wp-content\/uploads\/flood-123203-300x200.png 300w, https:\/\/www.acs-controlsystem.de\/wp-content\/uploads\/flood-123203-1024x683.png 1024w, https:\/\/www.acs-controlsystem.de\/wp-content\/uploads\/flood-123203-768x512.png 768w, https:\/\/www.acs-controlsystem.de\/wp-content\/uploads\/flood-123203-600x400.png 600w\" sizes=\"auto, (max-width: 1500px) 100vw, 1500px\" \/>        <\/div>\n    <\/div>\n\n    \n\n    <div class=\"slider-item\">\n        <div class=\"image-wrapper\">\n            <img loading=\"lazy\" decoding=\"async\" width=\"1500\" height=\"1000\" src=\"https:\/\/www.acs-controlsystem.de\/wp-content\/uploads\/flood-123222.png\" class=\"attachment-slider-item size-slider-item\" alt=\"\" srcset=\"https:\/\/www.acs-controlsystem.de\/wp-content\/uploads\/flood-123222.png 1500w, https:\/\/www.acs-controlsystem.de\/wp-content\/uploads\/flood-123222-300x200.png 300w, https:\/\/www.acs-controlsystem.de\/wp-content\/uploads\/flood-123222-1024x683.png 1024w, https:\/\/www.acs-controlsystem.de\/wp-content\/uploads\/flood-123222-768x512.png 768w, https:\/\/www.acs-controlsystem.de\/wp-content\/uploads\/flood-123222-600x400.png 600w\" sizes=\"auto, (max-width: 1500px) 100vw, 1500px\" \/>        <\/div>\n    <\/div>\n\n        <\/div>\n    <script>\n        \/\/ Initialize kunden slick slider\n        jQuery(document).ready(function ($) {\n            $('.image-slider-wrapper').slick({\n                arrows: false,\n                dots: true,\n                slidesToShow: 1,\n                slidesToScroll: 1,\n                infinite: true,\n                autoplay: true,\n                autoplaySpeed: 2500,\n            });\n        });\n    <\/script>\n\n    [\/vc_column][\/vc_row][vc_row][vc_column]\n    <div class=\"spacer big\"><\/div>\n\n\n    [\/vc_column][\/vc_row][vc_row][vc_column width=&#8221;1\/12&#8243;][vc_single_image image=&#8221;15854&#8243; alignment=&#8221;center&#8221;][\/vc_column][vc_column width=&#8221;5\/12&#8243;][vc_column_text]<\/p>\n<h3>Redundant data acquisition<\/h3>\n<p>By comparing the measurements of 2 different measuring methods, the plausibility and safety of your measured values is increased.[\/vc_column_text][\/vc_column][vc_column width=&#8221;1\/12&#8243;][vc_single_image image=&#8221;15844&#8243; alignment=&#8221;center&#8221;][\/vc_column][vc_column width=&#8221;5\/12&#8243;][vc_column_text]<\/p>\n<h3>Individual alarming<\/h3>\n<p>The freely adjustable alarms via SMS, e-mail or push message increase safety and shorten your reaction time.[\/vc_column_text][\/vc_column][\/vc_row][vc_row][vc_column]\n    <div class=\"spacer small\"><\/div>\n\n\n    [\/vc_column][\/vc_row][vc_row][vc_column width=&#8221;1\/12&#8243;][vc_single_image image=&#8221;15849&#8243; alignment=&#8221;center&#8221;][\/vc_column][vc_column width=&#8221;5\/12&#8243;][vc_column_text]<\/p>\n<h3>Reduction of operating costs<\/h3>\n<p>With the installation of redundant measurement, time-consuming manual control measurements on site are no longer necessary and reduce operating costs.[\/vc_column_text][\/vc_column][vc_column width=&#8221;1\/12&#8243;][vc_single_image image=&#8221;15859&#8243; alignment=&#8221;center&#8221;][\/vc_column][vc_column width=&#8221;5\/12&#8243;][vc_column_text]<\/p>\n<h3>Plug &amp; Play<\/h3>\n<p>ACS provides you with a complete solution and makes presettings for you on request.[\/vc_column_text][\/vc_column][\/vc_row][vc_row][vc_column]\n    <div class=\"spacer small\"><\/div>\n\n\n    [\/vc_column][\/vc_row][vc_row][vc_column width=&#8221;1\/12&#8243;][vc_single_image image=&#8221;15864&#8243; alignment=&#8221;center&#8221;][\/vc_column][vc_column width=&#8221;5\/12&#8243;][vc_column_text]<\/p>\n<h3>Everything from a single source<\/h3>\n<p>Hardware and software are completely developed and manufactured at ACS. This allows us to make adjustments according to your individual needs.[\/vc_column_text][\/vc_column][vc_column width=&#8221;1\/12&#8243;][vc_single_image image=&#8221;15869&#8243; alignment=&#8221;center&#8221;][\/vc_column][vc_column width=&#8221;5\/12&#8243;][vc_column_text]<\/p>\n<h3>No additional costs<\/h3>\n<p>You get a complete system, from the sensor to the SIM card. No additional contracts need to be signed and no additional costs are incurred.[\/vc_column_text][\/vc_column][\/vc_row][vc_row][vc_column]\n    <div class=\"spacer big\"><\/div>\n\n\n    [\/vc_column][\/vc_row][vc_row][vc_column width=&#8221;4\/12&#8243;]\n    <div class=\"spacer small\"><\/div>\n\n\n    [vc_single_image image=&#8221;1139&#8243; img_size=&#8221;large&#8221;][\/vc_column][vc_column width=&#8221;8\/12&#8243;][vc_column_text]<\/p>\n<h2>An all-round carefree package<\/h2>\n<p>[\/vc_column_text]\n    <div class=\"spacer small\"><\/div>\n\n\n    [vc_column_text]With ACS IoT Solutions, no wish remains unfulfilled.<br \/>\nGateway, cloud environment and data transmission &#8211; all developed by ACS.[\/vc_column_text][vc_column_text]During commissioning, each sensor can be configured exactly according to your requirements. The measurement intervals can be set individually for each sensor. This guarantees correct evaluation of the data according to your specifications &#8211; no matter what type of data transducer it is. The entire programming, including measuring interval and limit values, is done via the specially developed ACS SmartConnect App via Bluetooth interface. Neither an intervention in the IT structure nor a download of configuration software is necessary.<\/p>\n<p>Once the configuration is complete, you can keep an eye on your measuring points at all times and from anywhere via the online platform &#8220;ACS Web-Portal&#8221;. Subsequent changes, such as recording speeds or alarm values, can be conveniently made at any time.<\/p>\n<p>If the measured values approach the limits you have set, you will be notified by SMS, email or push message via the ACS Alert App. This allows you to stay in control at all times and take the necessary steps in a timely manner.[\/vc_column_text][\/vc_column][\/vc_row][vc_row][vc_column]\n    <div class=\"spacer big\"><\/div>\n\n\n    [\/vc_column][\/vc_row]<\/p>\n<\/div>","protected":false},"excerpt":{"rendered":"<p>[vc_row][vc_column][vc_column_text] Level Measurement 4.0 [\/vc_column_text][vc_column_text] Intelligent communication &amp; optimized processes [\/vc_column_text][\/vc_column][\/vc_row][vc_row][vc_column width=&#8221;7\/12&#8243;][vc_column_text]Precaution in case of heavy rain, flooding and high water[\/vc_column_text][vc_column_text]The self-sufficient measurement and recording of data paired with redundant measurement sets new standards for the security and traceability of your measurement data. Thanks to the system developed entirely by ACS, from hardware to software, &hellip; <\/p>\n<p class=\"link-more\"><a href=\"https:\/\/www.acs-controlsystem.de\/en\/acs-iot-solutions\/\" class=\"more-link\">Continue reading<span class=\"screen-reader-text\"> &#8220;ACS IoT Solutions&#8221;<\/span><\/a><\/p>\n","protected":false},"author":35,"featured_media":0,"parent":0,"menu_order":0,"comment_status":"closed","ping_status":"closed","template":"","meta":{"_acf_changed":false,"footnotes":""},"class_list":["post-17241","page","type-page","status-publish","hentry"],"acf":[],"yoast_head":"<!-- This site is optimized with the Yoast SEO plugin v27.5 - https:\/\/yoast.com\/product\/yoast-seo-wordpress\/ -->\n<title>ACS IoT Solutions - ACS Control-System GmbH<\/title>\n<meta name=\"description\" content=\"Das autarke Messen und Aufzeichnen von Daten gepaart mit einer redundanten Messung setzt neue Ma\u00dfst\u00e4be f\u00fcr die Sicherheit\" \/>\n<meta name=\"robots\" content=\"index, follow, max-snippet:-1, max-image-preview:large, max-video-preview:-1\" \/>\n<link rel=\"canonical\" href=\"https:\/\/www.acs-controlsystem.de\/en\/acs-iot-solutions\/\" \/>\n<meta property=\"og:locale\" content=\"en_US\" \/>\n<meta property=\"og:type\" content=\"article\" \/>\n<meta property=\"og:title\" content=\"ACS IoT Solutions - ACS Control-System GmbH\" \/>\n<meta property=\"og:description\" content=\"Das autarke Messen und Aufzeichnen von Daten gepaart mit einer redundanten Messung setzt neue Ma\u00dfst\u00e4be f\u00fcr die Sicherheit\" \/>\n<meta property=\"og:url\" content=\"https:\/\/www.acs-controlsystem.de\/en\/acs-iot-solutions\/\" \/>\n<meta property=\"og:site_name\" content=\"ACS Control-System GmbH\" \/>\n<meta property=\"article:publisher\" content=\"https:\/\/www.facebook.com\/profile.php?id=100046272027146\" \/>\n<meta property=\"article:modified_time\" content=\"2023-10-16T11:14:40+00:00\" \/>\n<meta name=\"twitter:card\" content=\"summary_large_image\" \/>\n<meta name=\"twitter:site\" content=\"@ACS_Control_Sys\" \/>\n<meta name=\"twitter:label1\" content=\"Est. reading time\" \/>\n\t<meta name=\"twitter:data1\" content=\"4 minutes\" \/>\n<!-- \/ Yoast SEO plugin. -->","yoast_head_json":{"title":"ACS IoT Solutions - ACS Control-System GmbH","description":"Das autarke Messen und Aufzeichnen von Daten gepaart mit einer redundanten Messung setzt neue Ma\u00dfst\u00e4be f\u00fcr die Sicherheit","robots":{"index":"index","follow":"follow","max-snippet":"max-snippet:-1","max-image-preview":"max-image-preview:large","max-video-preview":"max-video-preview:-1"},"canonical":"https:\/\/www.acs-controlsystem.de\/en\/acs-iot-solutions\/","og_locale":"en_US","og_type":"article","og_title":"ACS IoT Solutions - ACS Control-System GmbH","og_description":"Das autarke Messen und Aufzeichnen von Daten gepaart mit einer redundanten Messung setzt neue Ma\u00dfst\u00e4be f\u00fcr die Sicherheit","og_url":"https:\/\/www.acs-controlsystem.de\/en\/acs-iot-solutions\/","og_site_name":"ACS Control-System GmbH","article_publisher":"https:\/\/www.facebook.com\/profile.php?id=100046272027146","article_modified_time":"2023-10-16T11:14:40+00:00","twitter_card":"summary_large_image","twitter_site":"@ACS_Control_Sys","twitter_misc":{"Est. reading time":"4 minutes"},"schema":{"@context":"https:\/\/schema.org","@graph":[{"@type":"WebPage","@id":"https:\/\/www.acs-controlsystem.de\/en\/acs-iot-solutions\/","url":"https:\/\/www.acs-controlsystem.de\/en\/acs-iot-solutions\/","name":"ACS IoT Solutions - ACS Control-System GmbH","isPartOf":{"@id":"https:\/\/www.acs-controlsystem.de\/#website"},"datePublished":"2023-06-14T12:54:17+00:00","dateModified":"2023-10-16T11:14:40+00:00","description":"Das autarke Messen und Aufzeichnen von Daten gepaart mit einer redundanten Messung setzt neue Ma\u00dfst\u00e4be f\u00fcr die Sicherheit","breadcrumb":{"@id":"https:\/\/www.acs-controlsystem.de\/en\/acs-iot-solutions\/#breadcrumb"},"inLanguage":"en-US","potentialAction":[{"@type":"ReadAction","target":["https:\/\/www.acs-controlsystem.de\/en\/acs-iot-solutions\/"]}]},{"@type":"BreadcrumbList","@id":"https:\/\/www.acs-controlsystem.de\/en\/acs-iot-solutions\/#breadcrumb","itemListElement":[{"@type":"ListItem","position":1,"name":"Home","item":"https:\/\/www.acs-controlsystem.de\/en\/"},{"@type":"ListItem","position":2,"name":"ACS IoT Solutions"}]},{"@type":"WebSite","@id":"https:\/\/www.acs-controlsystem.de\/#website","url":"https:\/\/www.acs-controlsystem.de\/","name":"ACS Control-System GmbH","description":"Your partner for measurement and automation","publisher":{"@id":"https:\/\/www.acs-controlsystem.de\/#organization"},"alternateName":"ACS Control-System","potentialAction":[{"@type":"SearchAction","target":{"@type":"EntryPoint","urlTemplate":"https:\/\/www.acs-controlsystem.de\/?s={search_term_string}"},"query-input":{"@type":"PropertyValueSpecification","valueRequired":true,"valueName":"search_term_string"}}],"inLanguage":"en-US"},{"@type":"Organization","@id":"https:\/\/www.acs-controlsystem.de\/#organization","name":"ACS-Control-System GmbH","alternateName":"ACS Contrtol-System","url":"https:\/\/www.acs-controlsystem.de\/","logo":{"@type":"ImageObject","inLanguage":"en-US","@id":"https:\/\/www.acs-controlsystem.de\/#\/schema\/logo\/image\/","url":"https:\/\/www.acs-controlsystem.de\/wp-content\/uploads\/logo.png","contentUrl":"https:\/\/www.acs-controlsystem.de\/wp-content\/uploads\/logo.png","width":2000,"height":1500,"caption":"ACS-Control-System GmbH"},"image":{"@id":"https:\/\/www.acs-controlsystem.de\/#\/schema\/logo\/image\/"},"sameAs":["https:\/\/www.facebook.com\/profile.php?id=100046272027146","https:\/\/x.com\/ACS_Control_Sys"]}]}},"_links":{"self":[{"href":"https:\/\/www.acs-controlsystem.de\/en\/wp-json\/wp\/v2\/pages\/17241","targetHints":{"allow":["GET"]}}],"collection":[{"href":"https:\/\/www.acs-controlsystem.de\/en\/wp-json\/wp\/v2\/pages"}],"about":[{"href":"https:\/\/www.acs-controlsystem.de\/en\/wp-json\/wp\/v2\/types\/page"}],"author":[{"embeddable":true,"href":"https:\/\/www.acs-controlsystem.de\/en\/wp-json\/wp\/v2\/users\/35"}],"replies":[{"embeddable":true,"href":"https:\/\/www.acs-controlsystem.de\/en\/wp-json\/wp\/v2\/comments?post=17241"}],"version-history":[{"count":0,"href":"https:\/\/www.acs-controlsystem.de\/en\/wp-json\/wp\/v2\/pages\/17241\/revisions"}],"wp:attachment":[{"href":"https:\/\/www.acs-controlsystem.de\/en\/wp-json\/wp\/v2\/media?parent=17241"}],"curies":[{"name":"wp","href":"https:\/\/api.w.org\/{rel}","templated":true}]}}