{"id":69,"date":"2020-07-21T13:57:32","date_gmt":"2020-07-21T13:57:32","guid":{"rendered":"http:\/\/www.acs-controlsystem.de\/iot\/?page_id=69"},"modified":"2021-08-18T11:54:16","modified_gmt":"2021-08-18T09:54:16","slug":"datenschutz","status":"publish","type":"page","link":"https:\/\/www.acs-controlsystem.de\/iot\/datenschutz\/","title":{"rendered":"Datenschutz"},"content":{"rendered":"<div class=\"vc_row wpb_row vc_row-fluid\"><div class=\"wpb_column vc_column_container vc_col-sm-12\"><div class=\"vc_column-inner\"><div class=\"wpb_wrapper\">\n\t<div class=\"wpb_text_column wpb_content_element \" >\n\t\t<div class=\"wpb_wrapper\">\n\t\t\t<div id=\"c35625\" class=\"csc-default\">\n<div class=\"csc-header csc-header-n1\">\n<h2 class=\"csc-firstHeader\">Datenschutzerkl\u00e4rung<\/h2>\n<\/div>\n<p class=\"bodytext\">F\u00fcr ACS-CONTROL-SYSTEM GmbH ist der Schutz Ihrer Daten ein sehr wichtiges Anliegen und wir m\u00f6chten, dass Sie unsere Webseiten ohne Sorge besuchen k\u00f6nnen. Die Nutzung unseres Webangebots ist grunds\u00e4tzlich ohne Bekanntgabe personenbezogener Daten m\u00f6glich. Die nachstehende Datenschutzerkl\u00e4rung gibt einen vollst\u00e4ndigen \u00dcberblick dar\u00fcber, wie die ACS-CONTROL-SYSTEM GmbH den Schutz Ihrer Daten gew\u00e4hrleistet und welche Art von Daten zu welchem Zweck erhoben wird.<\/p>\n<p class=\"bodytext\"><b>Datenschutz<\/b><\/p>\n<p class=\"bodytext\">Die Betreiber dieser Seiten nehmen den Schutz Ihrer pers\u00f6nlichen Daten sehr ernst. Wir behandeln Ihre personenbezogenen Daten vertraulich und entsprechend der gesetzlichen Datenschutzvorschriften sowie dieser Datenschutzerkl\u00e4rung.<\/p>\n<p>Die Nutzung unserer Webseite ist in der Regel ohne Angabe personenbezogener Daten m\u00f6glich. Soweit auf unseren Seiten personenbezogene Daten (beispielsweise Name, Anschrift oder E-Mail-Adressen) erhoben werden, erfolgt dies, soweit m\u00f6glich, stets auf freiwilliger Basis. Diese Daten werden ohne Ihre ausdr\u00fcckliche Zustimmung nicht an Dritte weitergegeben.<\/p>\n<p>Wir weisen darauf hin, dass die Daten\u00fcbertragung im Internet (z.B. bei der Kommunikation per E-Mail) Sicherheitsl\u00fccken aufweisen kann. Ein l\u00fcckenloser Schutz der Daten vor dem Zugriff durch Dritte ist nicht m\u00f6glich.<\/p>\n<p class=\"bodytext\"><b>Cookies<\/b><\/p>\n<p class=\"bodytext\">Die Internetseiten verwenden teilweise so genannte Cookies. Cookies richten auf Ihrem Rechner keinen Schaden an und enthalten keine Viren. Cookies dienen dazu, unser Angebot nutzerfreundlicher, effektiver und sicherer zu machen. Cookies sind kleine Textdateien, die auf Ihrem Rechner abgelegt werden und die Ihr Browser speichert.<\/p>\n<p class=\"bodytext\">Die meisten der von uns verwendeten Cookies sind so genannte \u201eSession-Cookies\u201c. Sie werden nach Ende Ihres Besuchs automatisch gel\u00f6scht. Andere Cookies bleiben auf Ihrem Endger\u00e4t gespeichert, bis Sie diese l\u00f6schen. Diese Cookies erm\u00f6glichen es uns, Ihren Browser beim n\u00e4chsten Besuch wiederzuerkennen.<\/p>\n<p class=\"bodytext\">Sie k\u00f6nnen Ihren Browser so einstellen, dass Sie \u00fcber das Setzen von Cookies informiert werden und Cookies nur im Einzelfall erlauben, die Annahme von Cookies f\u00fcr bestimmte F\u00e4lle oder generell ausschlie\u00dfen sowie das automatische L\u00f6schen der Cookies beim Schlie\u00dfen des Browser aktivieren. Bei der Deaktivierung von Cookies kann die Funktionalit\u00e4t dieser Website eingeschr\u00e4nkt sein.<\/p>\n<p class=\"bodytext\"><b>Server-Log-Files<\/b><\/p>\n<p class=\"bodytext\">Der Provider der Seiten erhebt und speichert automatisch Informationen in so genannten Server-Log Files, die Ihr Browser automatisch an uns \u00fcbermittelt. Dies sind:<\/p>\n<ul>\n<li>Browsertyp und Browserversion<\/li>\n<li>verwendetes Betriebssystem<\/li>\n<li>Referrer URL<\/li>\n<li>Hostname des zugreifenden Rechners<\/li>\n<li>Uhrzeit der Serveranfrage<\/li>\n<\/ul>\n<p class=\"bodytext\">Diese Daten sind nicht bestimmten Personen zuordenbar. Eine Zusammenf\u00fchrung dieser Daten mit anderen Datenquellen wird nicht vorgenommen. Wir behalten uns vor, diese Daten nachtr\u00e4glich zu pr\u00fcfen, wenn uns konkrete Anhaltspunkte f\u00fcr eine rechtswidrige Nutzung bekannt werden.<\/p>\n<p class=\"bodytext\"><b>Kontaktformular<\/b><\/p>\n<p class=\"bodytext\">Wenn Sie uns per Kontaktformular Anfragen zukommen lassen, werden Ihre Angaben aus dem Anfrageformular inklusive der von Ihnen dort angegebenen Kontaktdaten zwecks Bearbeitung der Anfrage und f\u00fcr den Fall von Anschlussfragen bei uns gespeichert. Diese Daten geben wir nicht ohne Ihre Einwilligung weiter.<\/p>\n<p class=\"bodytext\"><b>Newsletterdaten<\/b><\/p>\n<p class=\"bodytext\">Wenn Sie den auf der Webseite angebotenen Newsletter beziehen m\u00f6chten, ben\u00f6tigen wir von Ihnen eine E-Mail-Adresse sowie Informationen, welche uns die \u00dcberpr\u00fcfung gestatten, dass Sie der Inhaber der angegebenen E-Mail-Adresse sind und mit dem Empfang des Newsletters einverstanden sind.<br \/>\nWeitere Daten werden nicht erhoben. Diese Daten verwenden wir ausschlie\u00dflich f\u00fcr den Versand der angeforderten Informationen und geben sie nicht an Dritte weiter.<\/p>\n<p class=\"bodytext\">Die erteilte Einwilligung zur Speicherung der Daten, der E-Mail-Adresse sowie deren Nutzung zum Versand des Newsletters k\u00f6nnen Sie jederzeit widerrufen, etwa \u00fcber den &#8222;Austragen&#8220;-Link im Newsletter.<\/p>\n<p class=\"bodytext\"><b>Google Analytics<\/b><\/p>\n<p class=\"bodytext\">Diese Website nutzt Funktionen des Webanalysedienstes Google Analytics. Anbieter ist die Google Inc., 1600 Amphitheatre Parkway Mountain View, CA 94043, USA.<\/p>\n<p class=\"bodytext\">Google Analytics verwendet so genannte &#8222;Cookies&#8220;. Das sind Textdateien, die auf Ihrem Computer gespeichert werden und die eine Analyse der Benutzung der Website durch Sie erm\u00f6glichen. Die durch den Cookie erzeugten Informationen \u00fcber Ihre Benutzung dieser Website werden in der Regel an einen Server von Google in den USA \u00fcbertragen und dort gespeichert.<\/p>\n<p class=\"bodytext\"><b>IP-Anonymisierung<\/b><\/p>\n<p class=\"bodytext\">Wir haben auf dieser Webseite die Funktion IP-Anonymisierung aktiviert. Dadurch wird Ihre IP-Adresse von Google innerhalb von Mitgliedstaaten der Europ\u00e4ischen Union oder in anderen Vertragsstaaten des Abkommens \u00fcber den Europ\u00e4ischen Wirtschaftsraum vor der \u00dcbermittlung in die USA gek\u00fcrzt. Nur in Ausnahmef\u00e4llen wird die volle IP-Adresse an einen Server von Google in den USA \u00fcbertragen und dort gek\u00fcrzt. Im Auftrag des Betreibers dieser Website wird Google diese Informationen benutzen, um Ihre Nutzung der Website auszuwerten, um Reports \u00fcber die Websiteaktivit\u00e4ten zusammenzustellen und um weitere mit der Websitenutzung und der Internetnutzung verbundene Dienstleistungen gegen\u00fcber dem Websitebetreiber zu erbringen. Die im Rahmen von Google Analytics von Ihrem Browser \u00fcbermittelte IPAdresse wird nicht mit anderen Daten von Google zusammengef\u00fchrt.<\/p>\n<p class=\"bodytext\"><b>Browser Plugin<\/b><\/p>\n<p class=\"bodytext\">Sie k\u00f6nnen die Speicherung der Cookies durch eine entsprechende Einstellung Ihrer Browser-Software verhindern; wir weisen Sie jedoch darauf hin, dass Sie in diesem Fall gegebenenfalls nicht s\u00e4mtliche Funktionen dieser Website vollumf\u00e4nglich werden nutzen k\u00f6nnen. Sie k\u00f6nnen dar\u00fcber hinaus die Erfassung der durch den Cookie erzeugten und auf Ihre Nutzung der Website bezogenen Daten (inkl. Ihrer IP-Adresse) an Google sowie die Verarbeitung dieser Daten durch Google verhindern, indem Sie das unter dem folgenden Link verf\u00fcgbare Browser-Plugin herunterladen und installieren:<br \/>\n<a title=\"Opens internal link in current window\" href=\"https:\/\/tools.google.com\/dlpage\/gaoptout?hl=de\" target=\"_blank\" rel=\"noopener noreferrer\">https:\/\/tools.google.com\/dlpage\/gaoptout?hl=de<\/a><\/p>\n<p class=\"bodytext\"><b>Widerspruch gegen Datenerfassung<\/b><\/p>\n<p class=\"bodytext\">Sie k\u00f6nnen die Erfassung Ihrer Daten durch Google Analytics verhindern, indem Sie auf folgenden Link klicken. Es wird ein Opt-Out-Cookie gesetzt, der die Erfassung Ihrer Daten bei zuk\u00fcnftigen Besuchen dieser Website verhindert: <a title=\"Opens internal link in current window\" href=\"https:\/\/support.google.com\/analytics\/answer\/181881?hl=de\" target=\"_blank\" rel=\"noopener noreferrer\">Google Analytics deaktivieren<\/a><\/p>\n<p class=\"bodytext\">Alternativ verhindern Sie mit einem Klick auf <a> diesen Link<\/a>, dass Google Analytics innerhalb dieser Website Daten \u00fcber Sie erfasst. Mit dem Klick auf obigen Link laden Sie ein \u201eOpt-Out-Cookie\u201c herunter. Ihr Browser muss die Speicherung von Cookies also hierzu grunds\u00e4tzlich erlauben. L\u00f6schen Sie Ihre Cookies regelm\u00e4\u00dfig, ist ein erneuter Klick auf den Link bei jedem Besuch dieser Website vonn\u00f6ten.<\/p>\n<p class=\"bodytext\">Mehr Informationen zum Umgang mit Nutzerdaten bei Google Analytics finden Sie in der Datenschutzerkl\u00e4rung von Google: <a href=\"https:\/\/support.google.com\/analytics\/answer\/6004245?hl=de\">https:\/\/support.google.com\/analytics\/answer\/6004245?hl=de<\/a><\/p>\n<p class=\"bodytext\"><b>Facebook-Plugins (Like-Button)<\/b><\/p>\n<p class=\"bodytext\">Auf unseren Seiten sind Plugins des sozialen Netzwerks Facebook, Anbieter Facebook Inc., 1 Hacker Way, Menlo Park, California 94025, USA, integriert. Die Facebook-Plugins erkennen Sie an dem Facebook-Logo oder dem &#8222;Like-Button&#8220; (&#8222;Gef\u00e4llt mir&#8220;) auf unserer Seite. Eine \u00dcbersicht \u00fcber die Facebook-Plugins finden Sie hier: <a href=\"https:\/\/developers.facebook.com\/docs\/plugins\/\">https:\/\/developers.facebook.com\/docs\/plugins\/.<\/a><\/p>\n<p class=\"bodytext\">Wenn Sie unsere Seiten besuchen, wird \u00fcber das Plugin eine direkte Verbindung zwischen Ihrem Browser und dem Facebook-Server hergestellt. Facebook erh\u00e4lt dadurch die Information, dass Sie mit Ihrer IP-Adresse unsere Seite besucht haben. Wenn Sie den Facebook &#8222;Like-Button&#8220; anklicken w\u00e4hrend Sie in Ihrem Facebook-Account eingeloggt sind, k\u00f6nnen Sie die Inhalte unserer Seiten auf Ihrem Facebook-Profil verlinken. Dadurch kann Facebook den Besuch unserer Seiten Ihrem Benutzerkonto zuordnen. Wir weisen darauf hin, dass wir als Anbieter der Seiten keine Kenntnis vom Inhalt der \u00fcbermittelten Daten sowie deren Nutzung durch Facebook erhalten. Weitere Informationen hierzu finden Sie in der Datenschutzerkl\u00e4rung von Facebook unter <a title=\"Opens internal link in current window\" href=\"https:\/\/de-de.facebook.com\/policy.php.\" target=\"_blank\" rel=\"noopener noreferrer\">https:\/\/de-de.facebook.com\/policy.php.<\/a><\/p>\n<p class=\"bodytext\">Wenn Sie nicht w\u00fcnschen, dass Facebook den Besuch unserer Seiten Ihrem Facebook-Nutzerkonto zuordnen kann, loggen Sie sich bitte aus Ihrem Facebook-Benutzerkonto aus.<\/p>\n<p class=\"bodytext\"><b>Twitter<\/b><\/p>\n<p class=\"bodytext\">Auf unseren Seiten sind Funktionen des Dienstes Twitter eingebunden. Diese Funktionen werden angeboten durch die Twitter Inc., 1355 Market Street, Suite 900, San Francisco, CA 94103, USA. Durch das Benutzen von Twitter und der Funktion &#8222;Re-Tweet&#8220; werden die von Ihnen besuchten Webseiten mit Ihrem Twitter-Account verkn\u00fcpft und anderen Nutzern bekannt gegeben. Dabei werden auch Daten an Twitter \u00fcbertragen. Wir weisen darauf hin, dass wir als Anbieter der Seiten keine Kenntnis vom Inhalt der \u00fcbermittelten Daten sowie deren Nutzung durch Twitter erhalten. Weitere Informationen hierzu finden Sie in der Datenschutzerkl\u00e4rung von Twitter unter <a title=\"Opens internal link in current window\" href=\"https:\/\/twitter.com\/de\/privacy\" target=\"_blank\" rel=\"noopener noreferrer\">https:\/\/twitter.com\/privacy<\/a>.<\/p>\n<p class=\"bodytext\">Ihre Datenschutzeinstellungen bei Twitter k\u00f6nnen Sie in den Konto-Einstellungen unter: <a title=\"Opens internal link in current window\" href=\"https:\/\/twitter.com\/account\/settings\" target=\"_blank\" rel=\"noopener noreferrer\">https:\/\/twitter.com\/account\/settings<\/a> \u00e4ndern.<\/p>\n<p class=\"bodytext\"><b>SSL-Verschl\u00fcsselung<\/b><\/p>\n<p class=\"bodytext\">Diese Seite nutzt aus Gr\u00fcnden der Sicherheit und zum Schutz der \u00dcbertragung vertraulicher Inhalte, wie zum Beispiel der Anfragen, die Sie an uns als Seitenbetreiber senden, eine SSL-Verschl\u00fcsselung. Eine verschl\u00fcsselte Verbindung erkennen Sie daran, dass die Adresszeile des Browsers von &#8222;http:\/\/&#8220; auf &#8222;https:\/\/&#8220; wechselt und an dem Schloss-Symbol in Ihrer Browserzeile.<\/p>\n<p class=\"bodytext\">Wenn die SSL Verschl\u00fcsselung aktiviert ist, k\u00f6nnen die Daten, die Sie an uns \u00fcbermitteln, nicht von Dritten mitgelesen werden.<\/p>\n<p class=\"bodytext\"><b>Recht auf Auskunft, L\u00f6schung, Sperrung<\/b><\/p>\n<p class=\"bodytext\">Sie haben jederzeit das Recht auf unentgeltliche Auskunft \u00fcber Ihre gespeicherten personenbezogenen Daten, deren Herkunft und Empf\u00e4nger und den Zweck der Datenverarbeitung sowie ein Recht auf Berichtigung, Sperrung oder L\u00f6schung dieser Daten. Hierzu sowie zu weiteren Fragen zum Thema personenbezogene Daten k\u00f6nnen Sie sich jederzeit unter der im Impressum angegebenen Adresse an uns wenden.<\/p>\n<p class=\"bodytext\"><b>Widerspruch Werbe-Mails<\/b><\/p>\n<p class=\"bodytext\">Der Nutzung von im Rahmen der Impressumspflicht ver\u00f6ffentlichten Kontaktdaten zur \u00dcbersendung von nicht ausdr\u00fccklich angeforderter Werbung und Informationsmaterialien wird hiermit widersprochen. Die Betreiber der Seiten behalten sich ausdr\u00fccklich rechtliche Schritte im Falle der unverlangten Zusendung von Werbeinformationen, etwa durch Spam-E-Mails, vor.<\/p>\n<p class=\"bodytext\">Quelle: <a href=\"https:\/\/www.e-recht24.de\">https:\/\/www.e-recht24.de<\/a><\/p>\n<p class=\"bodytext\"><b>Kontakt Datenschutzbeauftragter ACS-CONTROL-SYSTEM GmbH<\/b><\/p>\n<p class=\"bodytext\"><a class=\"mail\" title=\"Opens window for sending email\">datenschutz(at)acs-msr.de<\/a><\/p>\n<p class=\"bodytext\">\n<\/div>\n<div id=\"c35623\" class=\"csc-default\">\n<p class=\"bodytext\"><b>Haftungsausschluss<\/b><\/p>\n<p><b>1. Inhalt des Onlineangebotes<br \/>\n<\/b>Die ACS-CONTROL-SYSTEM GmbH \u00fcbernimmt keinerlei Gew\u00e4hr f\u00fcr die Aktualit\u00e4t, Korrektheit, Vollst\u00e4ndigkeit oder Qualit\u00e4t der bereitgestellten Informationen. <span>Haftungsanspr\u00fcche gegen die ACS-CONTROL-SYSTEM GmbH, welche sich auf Sch\u00e4den materieller oder ideeller Art beziehen, die durch die Nutzung oder Nichtnutzung der dargebotenen Informationen bzw. durch die Nutzung fehlerhafter und unvollst\u00e4ndiger Informationen verursacht wurden, sind grunds\u00e4tzlich ausgeschlossen, sofern seitens der ACS-CONTROL-SYSTEM GmbH kein nachweislich vors\u00e4tzliches oder grob fahrl\u00e4ssiges Verschulden vorliegt. Alle Angebote sind freibleibend und unverbindlich. Die ACS-CONTROL-SYSTEM GmbH beh\u00e4lt es sich ausdr\u00fccklich vor, Teile der Seiten oder das gesamte Angebot ohne gesonderte Ank\u00fcndigung zu ver\u00e4ndern, zu erg\u00e4nzen, zu l\u00f6schen oder die Ver\u00f6ffentlichung zeitweise oder endg\u00fcltig einzustellen.<\/span><\/p>\n<p><b>2. Verweise und Links<\/b><br \/>\nBei direkten oder indirekten Verweisen auf fremde Internetseiten (Links), die au\u00dferhalb des Verantwortungsbereiches der ACS-CONTROL-SYSTEM GmbH liegen, w\u00fcrde eine Haftungsverpflichtung ausschlie\u00dflich in dem Fall in Kraft treten, in dem die ACS-CONTROL-SYSTEM GmbH von den Inhalten Kenntnis hat und es ihr technisch m\u00f6glich und zumutbar w\u00e4re, die Nutzung im Falle rechtswidriger Inhalte zu verhindern.<br \/>\nDie ACS-CONTROL-SYSTEM GmbH erkl\u00e4rt hiermit ausdr\u00fccklich, dass zum Zeitpunkt der Linksetzung keine illegalen Inhalte auf den zu verlinkenden Seiten erkennbar waren. Auf die aktuelle und zuk\u00fcnftige Gestaltung, die Inhalte oder die Urheberschaft der gelinkten\/verkn\u00fcpften Seiten hat die ACS-CONTROL-SYSTEM GmbH keinerlei Einfluss. Deshalb distanziert er sich hiermit ausdr\u00fccklich von allen Inhalten aller gelinkten\/verkn\u00fcpften Seiten, die nach der Linksetzung ver\u00e4ndert wurden. F\u00fcr illegale, fehlerhafte oder unvollst\u00e4ndige Inhalte und insbesondere f\u00fcr Sch\u00e4den, die aus der Nutzung oder Nichtnutzung solcherart dargebotener Informationen entstehen, haftet allein der Anbieter der Seite, auf welche verwiesen wurde, nicht derjenige, der \u00fcber Links auf die jeweilige Ver\u00f6ffentlichung lediglich verweist.<\/p>\n<p><b>3. Urheber- und Kennzeichenrecht<\/b><br \/>\nDie ACS-CONTROL-SYSTEM GmbH ist bestrebt, in allen Publikationen die Urheberrechte der verwendeten Grafiken, Tondokumente, Videosequenzen und Texte zu beachten, von ihm selbsterstellte Grafiken, Tondokumente, Videosequenzen und Texte zu nutzen oder auf lizenzfreie Grafiken, Tondokumente, Videosequenzen und Texte zur\u00fcckzugreifen. Alle innerhalb des Internetangebotes genannten und ggf. durch Dritte gesch\u00fctzten Marken- und Warenzeichen unterliegen uneingeschr\u00e4nkt den Bestimmungen des jeweils g\u00fcltigen Kennzeichenrechts und den Besitzrechten der jeweiligen eingetragenen Eigent\u00fcmer. Allein aufgrund der blo\u00dfen Nennung ist nicht der Schluss zu ziehen, dass Markenzeichen nicht durch Rechte Dritter gesch\u00fctzt sind!<br \/>\nDas Urheberrecht f\u00fcr ver\u00f6ffentlichte, von der ACS-CONTROL-SYSTEM GmbH selbst erstellte Objekte bleibt allein beim Autor der Seiten. Eine Vervielf\u00e4ltigung oder Verwendung solcher Grafiken, Tondokumente, Videosequenzen und Texte in anderen elektronischen oder gedruckten Publikationen ist ohne ausdr\u00fcckliche Zustimmung des Autors nicht gestattet.<\/p>\n<p><b>4. Datenschutz<\/b><br \/>\nMit dem Internetauftritt bietet Ihnen die ACS-CONTROL-SYSTEM GmbH an daf\u00fcr vorgesehenen Stellen die M\u00f6glichkeit der Kontaktaufnahme an. Die Bearbeitung Ihres Anliegens setzt die Speicherung Ihrer personenbezogenen Daten durch die ACS-CONTROL-SYSTEM GmbH voraus. Die hierbei \u00fcbermittelten Daten werden nur f\u00fcr den Zweck verwendet, f\u00fcr den sie der ACS-CONTROL-SYSTEM GmbH \u00fcberlassen wurden. Eine Weitergabe Ihrer Daten an Dritte erfolgt nicht, au\u00dfer Sie haben ausdr\u00fccklich Ihr Einverst\u00e4ndnis dazu erkl\u00e4rt oder aber gesetzliche Vorschriften verpflichten uns dazu.<\/p>\n<p><b>5. Rechtswirksamkeit dieses Haftungsausschlusses<br \/>\n<\/b>Dieser Haftungsausschluss ist als Teil des Internetangebotes zu betrachten, von dem aus auf diese Seite verwiesen wurde. Sofern Teile oder einzelne Formulierungen dieses Textes der geltenden Rechtslage nicht, nicht mehr oder nicht vollst\u00e4ndig entsprechen sollten, bleiben die \u00fcbrigen Teile des Dokumentes in ihrem Inhalt und ihrer G\u00fcltigkeit davon unber\u00fchrt.<\/p>\n<\/div>\n\n\t\t<\/div>\n\t<\/div>\n<\/div><\/div><\/div><\/div><div class=\"vc_row wpb_row vc_row-fluid\"><div class=\"wpb_column vc_column_container vc_col-sm-12\"><div class=\"vc_column-inner\"><div class=\"wpb_wrapper\">\n    <div class=\"spacer big\"><\/div>\n\n\n    <\/div><\/div><\/div><\/div>\n","protected":false},"excerpt":{"rendered":"Datenschutzerkl\u00e4rung F\u00fcr ACS-CONTROL-SYSTEM GmbH ist der Schutz Ihrer Daten ein sehr wichtiges Anliegen und wir m\u00f6chten, dass Sie unsere Webseiten ohne Sorge besuchen k\u00f6nnen. Die Nutzung unseres Webangebots ist grunds\u00e4tzlich ohne Bekanntgabe personenbezogener Daten m\u00f6glich. Die nachstehende Datenschutzerkl\u00e4rung gibt einen vollst\u00e4ndigen \u00dcberblick dar\u00fcber, wie die ACS-CONTROL-SYSTEM GmbH den Schutz Ihrer Daten gew\u00e4hrleistet und welche Art &hellip; <p class=\"link-more\"><a href=\"https:\/\/www.acs-controlsystem.de\/iot\/datenschutz\/\" class=\"more-link\">Continue reading<span class=\"screen-reader-text\"> \"Datenschutz\"<\/span><\/a><\/p>","protected":false},"author":1,"featured_media":0,"parent":0,"menu_order":0,"comment_status":"closed","ping_status":"closed","template":"","meta":{"footnotes":""},"yoast_head":"<!-- This site is optimized with the Yoast SEO plugin v21.9.1 - https:\/\/yoast.com\/wordpress\/plugins\/seo\/ -->\n<title>Datenschutz - ACS<\/title>\n<meta name=\"robots\" content=\"index, follow, max-snippet:-1, max-image-preview:large, max-video-preview:-1\" \/>\n<link rel=\"canonical\" href=\"https:\/\/www.acs-controlsystem.de\/iot\/datenschutz\/\" \/>\n<meta property=\"og:locale\" content=\"de_DE\" \/>\n<meta property=\"og:type\" content=\"article\" \/>\n<meta property=\"og:title\" content=\"Datenschutz - ACS\" \/>\n<meta property=\"og:url\" content=\"https:\/\/www.acs-controlsystem.de\/iot\/datenschutz\/\" \/>\n<meta property=\"og:site_name\" content=\"ACS\" \/>\n<meta property=\"article:modified_time\" content=\"2021-08-18T09:54:16+00:00\" \/>\n<meta name=\"twitter:card\" content=\"summary_large_image\" \/>\n<meta name=\"twitter:label1\" content=\"Gesch\u00e4tzte Lesezeit\" \/>\n\t<meta name=\"twitter:data1\" content=\"9\u00a0Minuten\" \/>\n<script type=\"application\/ld+json\" class=\"yoast-schema-graph\">{\"@context\":\"https:\/\/schema.org\",\"@graph\":[{\"@type\":\"WebPage\",\"@id\":\"https:\/\/www.acs-controlsystem.de\/iot\/datenschutz\/\",\"url\":\"https:\/\/www.acs-controlsystem.de\/iot\/datenschutz\/\",\"name\":\"Datenschutz - ACS\",\"isPartOf\":{\"@id\":\"https:\/\/www.acs-controlsystem.de\/iot\/en\/#website\"},\"datePublished\":\"2020-07-21T13:57:32+00:00\",\"dateModified\":\"2021-08-18T09:54:16+00:00\",\"breadcrumb\":{\"@id\":\"https:\/\/www.acs-controlsystem.de\/iot\/datenschutz\/#breadcrumb\"},\"inLanguage\":\"de\",\"potentialAction\":[{\"@type\":\"ReadAction\",\"target\":[\"https:\/\/www.acs-controlsystem.de\/iot\/datenschutz\/\"]}]},{\"@type\":\"BreadcrumbList\",\"@id\":\"https:\/\/www.acs-controlsystem.de\/iot\/datenschutz\/#breadcrumb\",\"itemListElement\":[{\"@type\":\"ListItem\",\"position\":1,\"name\":\"Startseite\",\"item\":\"https:\/\/www.acs-controlsystem.de\/iot\/en\/\"},{\"@type\":\"ListItem\",\"position\":2,\"name\":\"Datenschutz\"}]},{\"@type\":\"WebSite\",\"@id\":\"https:\/\/www.acs-controlsystem.de\/iot\/en\/#website\",\"url\":\"https:\/\/www.acs-controlsystem.de\/iot\/en\/\",\"name\":\"ACS\",\"description\":\"Control-System\",\"publisher\":{\"@id\":\"https:\/\/www.acs-controlsystem.de\/iot\/en\/#organization\"},\"potentialAction\":[{\"@type\":\"SearchAction\",\"target\":{\"@type\":\"EntryPoint\",\"urlTemplate\":\"https:\/\/www.acs-controlsystem.de\/iot\/en\/?s={search_term_string}\"},\"query-input\":\"required name=search_term_string\"}],\"inLanguage\":\"de\"},{\"@type\":\"Organization\",\"@id\":\"https:\/\/www.acs-controlsystem.de\/iot\/en\/#organization\",\"name\":\"ACS-Control-System GmbH\",\"url\":\"https:\/\/www.acs-controlsystem.de\/iot\/en\/\",\"logo\":{\"@type\":\"ImageObject\",\"inLanguage\":\"de\",\"@id\":\"https:\/\/www.acs-controlsystem.de\/iot\/en\/#\/schema\/logo\/image\/\",\"url\":\"\",\"contentUrl\":\"\",\"caption\":\"ACS-Control-System GmbH\"},\"image\":{\"@id\":\"https:\/\/www.acs-controlsystem.de\/iot\/en\/#\/schema\/logo\/image\/\"}}]}<\/script>\n<!-- \/ Yoast SEO plugin. -->","yoast_head_json":{"title":"Datenschutz - ACS","robots":{"index":"index","follow":"follow","max-snippet":"max-snippet:-1","max-image-preview":"max-image-preview:large","max-video-preview":"max-video-preview:-1"},"canonical":"https:\/\/www.acs-controlsystem.de\/iot\/datenschutz\/","og_locale":"de_DE","og_type":"article","og_title":"Datenschutz - ACS","og_url":"https:\/\/www.acs-controlsystem.de\/iot\/datenschutz\/","og_site_name":"ACS","article_modified_time":"2021-08-18T09:54:16+00:00","twitter_card":"summary_large_image","twitter_misc":{"Gesch\u00e4tzte Lesezeit":"9\u00a0Minuten"},"schema":{"@context":"https:\/\/schema.org","@graph":[{"@type":"WebPage","@id":"https:\/\/www.acs-controlsystem.de\/iot\/datenschutz\/","url":"https:\/\/www.acs-controlsystem.de\/iot\/datenschutz\/","name":"Datenschutz - ACS","isPartOf":{"@id":"https:\/\/www.acs-controlsystem.de\/iot\/en\/#website"},"datePublished":"2020-07-21T13:57:32+00:00","dateModified":"2021-08-18T09:54:16+00:00","breadcrumb":{"@id":"https:\/\/www.acs-controlsystem.de\/iot\/datenschutz\/#breadcrumb"},"inLanguage":"de","potentialAction":[{"@type":"ReadAction","target":["https:\/\/www.acs-controlsystem.de\/iot\/datenschutz\/"]}]},{"@type":"BreadcrumbList","@id":"https:\/\/www.acs-controlsystem.de\/iot\/datenschutz\/#breadcrumb","itemListElement":[{"@type":"ListItem","position":1,"name":"Startseite","item":"https:\/\/www.acs-controlsystem.de\/iot\/en\/"},{"@type":"ListItem","position":2,"name":"Datenschutz"}]},{"@type":"WebSite","@id":"https:\/\/www.acs-controlsystem.de\/iot\/en\/#website","url":"https:\/\/www.acs-controlsystem.de\/iot\/en\/","name":"ACS","description":"Control-System","publisher":{"@id":"https:\/\/www.acs-controlsystem.de\/iot\/en\/#organization"},"potentialAction":[{"@type":"SearchAction","target":{"@type":"EntryPoint","urlTemplate":"https:\/\/www.acs-controlsystem.de\/iot\/en\/?s={search_term_string}"},"query-input":"required name=search_term_string"}],"inLanguage":"de"},{"@type":"Organization","@id":"https:\/\/www.acs-controlsystem.de\/iot\/en\/#organization","name":"ACS-Control-System GmbH","url":"https:\/\/www.acs-controlsystem.de\/iot\/en\/","logo":{"@type":"ImageObject","inLanguage":"de","@id":"https:\/\/www.acs-controlsystem.de\/iot\/en\/#\/schema\/logo\/image\/","url":"","contentUrl":"","caption":"ACS-Control-System GmbH"},"image":{"@id":"https:\/\/www.acs-controlsystem.de\/iot\/en\/#\/schema\/logo\/image\/"}}]}},"_links":{"self":[{"href":"https:\/\/www.acs-controlsystem.de\/iot\/wp-json\/wp\/v2\/pages\/69"}],"collection":[{"href":"https:\/\/www.acs-controlsystem.de\/iot\/wp-json\/wp\/v2\/pages"}],"about":[{"href":"https:\/\/www.acs-controlsystem.de\/iot\/wp-json\/wp\/v2\/types\/page"}],"author":[{"embeddable":true,"href":"https:\/\/www.acs-controlsystem.de\/iot\/wp-json\/wp\/v2\/users\/1"}],"replies":[{"embeddable":true,"href":"https:\/\/www.acs-controlsystem.de\/iot\/wp-json\/wp\/v2\/comments?post=69"}],"version-history":[{"count":9,"href":"https:\/\/www.acs-controlsystem.de\/iot\/wp-json\/wp\/v2\/pages\/69\/revisions"}],"predecessor-version":[{"id":1829,"href":"https:\/\/www.acs-controlsystem.de\/iot\/wp-json\/wp\/v2\/pages\/69\/revisions\/1829"}],"wp:attachment":[{"href":"https:\/\/www.acs-controlsystem.de\/iot\/wp-json\/wp\/v2\/media?parent=69"}],"curies":[{"name":"wp","href":"https:\/\/api.w.org\/{rel}","templated":true}]}}